{"id":398,"date":"2013-07-02T17:01:23","date_gmt":"2013-07-02T15:01:23","guid":{"rendered":"http:\/\/naturgartenblog.wgrverlag.de\/?page_id=398"},"modified":"2014-05-15T13:12:14","modified_gmt":"2014-05-15T11:12:14","slug":"flora","status":"publish","type":"page","link":"https:\/\/naturgartenblog.wgrverlag.de\/?page_id=398","title":{"rendered":"Flora"},"content":{"rendered":"<p>Hier soll eine Auflistung der Pflanzen entstehen, die im Laufe der Zeit in diesem Block erw\u00e4hnt werden, bzw. die im Naturgarten zu finden sind, gegliedert nach Bereichen ihres Vorkommens.<\/p>\n<p><strong>Teich<\/strong><\/p>\n<p><strong>Blumenwiese<\/strong><\/p>\n<ul>\n<li>Wilde M\u00f6hre <em>(Daucus carota)<\/em><\/li>\n<\/ul>\n<p><strong>Kr\u00e4uterrasen<\/strong><\/p>\n<ul>\n<li>Schafgarbe <em>(Achillea millefolium)<\/em><\/li>\n<li>G\u00e4nsebl\u00fcmchen <em>(Bellis perennis)<\/em><\/li>\n<li>Kleink\u00f6pfiger Pippau <em>(Crepis capillaris)<\/em><\/li>\n<li>Wiesen-Margerite <em>(Leucanthemum ircutianum)<\/em><\/li>\n<li>Hornschotenklee <em>(Lotus corniculatus)<\/em><\/li>\n<li>Gelbklee (<em>Medicago lupulina)<\/em><\/li>\n<li>Wegwarte <em>(Cichorium intybus)<\/em><\/li>\n<\/ul>\n<p><strong>Schmetterlings- und Wildbienensaum<\/strong><\/p>\n<ul>\n<li>Wilde M\u00f6hre <em>(Daucus carota)<\/em><\/li>\n<\/ul>\n<p><strong>Nutzgarten<br \/>\n<\/strong><\/p>\n<ul>\n<li>Wilde M\u00f6hre <em>(Daucus carota)<\/em><\/li>\n<\/ul>\n<p><strong>Obstwiese<\/strong><\/p>\n<ul>\n<li>Zottiger Klappertopf\u00a0 <em>(Rhinanthus alectorolophus)<\/em><\/li>\n<li>Wilde M\u00f6hre <em>(Daucus carota)<\/em><\/li>\n<li>Vogelkirsche <em>(Prunus avium)<\/em><\/li>\n<li>Kanadische Goldrute <em>(Solidago canadensis)<\/em><\/li>\n<li><span class=\"st\">Klatschmohn <em>(Papaver rhoeas<\/em><\/span><em>)<\/em><\/li>\n<\/ul>\n<p><strong>Waldgarten<\/strong><\/p>\n<ul>\n<li>Kleinbl\u00fctiges Springkraut <em>(Impatiens parviflora)<\/em><\/li>\n<\/ul>\n<p><em>Au\u00dferhalb unseres Gartens:<\/em><\/p>\n<p><strong>Pferdewiesen<\/strong><\/p>\n<p><strong>Biotop Mirbachtal<\/strong><\/p>\n<ul>\n<li>Kleinbl\u00fctiges Springkraut <em>(Impatiens parviflora)<\/em><\/li>\n<\/ul>\n","protected":false},"excerpt":{"rendered":"<p>Hier soll eine Auflistung der Pflanzen entstehen, die im Laufe der Zeit in diesem Block erw\u00e4hnt werden, bzw. die im Naturgarten zu finden sind, gegliedert nach Bereichen ihres Vorkommens. Teich Blumenwiese Wilde M\u00f6hre (Daucus carota) Kr\u00e4uterrasen Schafgarbe (Achillea millefolium) G\u00e4nsebl\u00fcmchen (Bellis perennis) Kleink\u00f6pfiger Pippau (Crepis capillaris) Wiesen-Margerite (Leucanthemum ircutianum) Hornschotenklee (Lotus corniculatus) Gelbklee (Medicago lupulina) [&hellip;]<\/p>\n","protected":false},"author":2,"featured_media":0,"parent":0,"menu_order":0,"comment_status":"closed","ping_status":"closed","template":"","meta":{"footnotes":""},"_links":{"self":[{"href":"https:\/\/naturgartenblog.wgrverlag.de\/index.php?rest_route=\/wp\/v2\/pages\/398"}],"collection":[{"href":"https:\/\/naturgartenblog.wgrverlag.de\/index.php?rest_route=\/wp\/v2\/pages"}],"about":[{"href":"https:\/\/naturgartenblog.wgrverlag.de\/index.php?rest_route=\/wp\/v2\/types\/page"}],"author":[{"embeddable":true,"href":"https:\/\/naturgartenblog.wgrverlag.de\/index.php?rest_route=\/wp\/v2\/users\/2"}],"replies":[{"embeddable":true,"href":"https:\/\/naturgartenblog.wgrverlag.de\/index.php?rest_route=%2Fwp%2Fv2%2Fcomments&post=398"}],"version-history":[{"count":12,"href":"https:\/\/naturgartenblog.wgrverlag.de\/index.php?rest_route=\/wp\/v2\/pages\/398\/revisions"}],"predecessor-version":[{"id":697,"href":"https:\/\/naturgartenblog.wgrverlag.de\/index.php?rest_route=\/wp\/v2\/pages\/398\/revisions\/697"}],"wp:attachment":[{"href":"https:\/\/naturgartenblog.wgrverlag.de\/index.php?rest_route=%2Fwp%2Fv2%2Fmedia&parent=398"}],"curies":[{"name":"wp","href":"https:\/\/api.w.org\/{rel}","templated":true}]}}