{"id":400,"date":"2013-07-02T17:03:01","date_gmt":"2013-07-02T15:03:01","guid":{"rendered":"http:\/\/naturgartenblog.wgrverlag.de\/?page_id=400"},"modified":"2015-05-25T22:16:30","modified_gmt":"2015-05-25T20:16:30","slug":"kafer","status":"publish","type":"page","link":"http:\/\/naturgartenblog.wgrverlag.de\/?page_id=400","title":{"rendered":"K\u00e4fer"},"content":{"rendered":"<p>Es zeichnet sich ab, dass immer mehr K\u00e4ferarten diesen Blog bev\u00f6lkern, weshalb es nun eine neue Seite zur Auflistung der bislang entdeckten Arten gibt.<\/p>\n<p>Abk.: HG=Hausgarten, NG=Nutzgarten, OW=Obstwiese, PF=Pferdeweiden, BM=Biotop Mirbachtal, WG=Waldgarten<\/p>\n<p>Beobachtungen 2015:<\/p>\n<ul>\n<li>Zottiger Bienenk\u00e4fer (Trichodes alvearius) HG, PF<\/li>\n<li>Gemeiner Rosenk\u00e4fer (Cetonia aurata) HG, NG<\/li>\n<li>Trauer-Rosenk\u00e4fer (Oxythyrea funesta) NG<\/li>\n<li>Glattschieniger Pinselk\u00e4fer (Trichius zonatus) OW<\/li>\n<\/ul>\n<p>Beobachtungen 2014:<\/p>\n<ul>\n<li>Zottiger Bienenk\u00e4fer (Trichodes alvearius) HG, PF<\/li>\n<li>Kleiner Schmalbock (Stenurella melanura)<\/li>\n<li>Zipfelk\u00e4fer spec. (Cordylepherus viridis o. Malchius bipustulatus)<\/li>\n<li>Gemeiner Widderbock (Clytus arietis)<\/li>\n<li>Lilienh\u00e4hnchen (Liloserus lilii) NG<\/li>\n<li>Gefleckter Schmalbock (Rutpela maculata) HG<\/li>\n<li>Orangefarbener Feuerk\u00e4fer (Schizotus pectinicornis) OW<\/li>\n<li>Waldmistk\u00e4fer<em> (Anoplotrupes stereorosus) WG<br \/>\n<\/em><\/li>\n<li>Siebenpunktmarienk\u00e4fer (Coccinella septempunctata) NG, HG<\/li>\n<li>Vierzehnpunktmarienk\u00e4fer (Propylaeae qutuordecimpunctata) NG, HG, WG<\/li>\n<li>Asiatischer Marienk\u00e4fer (Harmonia axyridis) NG, OW, HG<\/li>\n<li>Rothalsbockk\u00e4fer (Stictoleptura rubra) OW<\/li>\n<\/ul>\n<p>Beobachtungen 2013:<\/p>\n<ul>\n<li>S\u00e4gebock<em> (Prionus coriarius) WG<br \/>\n<\/em><\/li>\n<li>Waldmistk\u00e4fer<em> (Anoplotrupes stereorosus) WG, OW<br \/>\n<\/em><\/li>\n<li>Gefleckter Bl\u00fctenbock (Pachytodes cerambyciformis)<\/li>\n<li>Zahnhalsiger Schnellk\u00e4fer (Denticollis linearis)<\/li>\n<li>Donacia versicolorea HG<\/li>\n<li>Gemeiner Widderbock (Clytus arietis) WG<\/li>\n<li>Zottiger Bienenk\u00e4fer (Trichodes alvearius) HG, OW<\/li>\n<li>Gro\u00dfer Breitr\u00fcssler (Platyrhinus resinosus) OW<\/li>\n<li>Gemeiner Rosenk\u00e4fer (Cetonia aurata) HG<\/li>\n<li>Kleiner Heldbock (Cerambyx scopollii) OW<\/li>\n<li>Zylindrischer Walzenhalsbock (Phytoecia cylindrica) OW<\/li>\n<li>Oval\u00e4ugiger Blattk\u00e4fer (Chrysolina fastuosa)<\/li>\n<li>Siebenpunktmarienk\u00e4fer (Coccinella septempunctata)<\/li>\n<li>Vierzehnpunktmarienk\u00e4fer (Propylaeae qutuordecimpunctata)<\/li>\n<li>Asiatischer Marienk\u00e4fer (Harmonia axyridis)<\/li>\n<\/ul>\n","protected":false},"excerpt":{"rendered":"<p>Es zeichnet sich ab, dass immer mehr K\u00e4ferarten diesen Blog bev\u00f6lkern, weshalb es nun eine neue Seite zur Auflistung der bislang entdeckten Arten gibt. Abk.: HG=Hausgarten, NG=Nutzgarten, OW=Obstwiese, PF=Pferdeweiden, BM=Biotop Mirbachtal, WG=Waldgarten Beobachtungen 2015: Zottiger Bienenk\u00e4fer (Trichodes alvearius) HG, PF Gemeiner Rosenk\u00e4fer (Cetonia aurata) HG, NG Trauer-Rosenk\u00e4fer (Oxythyrea funesta) NG Glattschieniger Pinselk\u00e4fer (Trichius zonatus) OW [&hellip;]<\/p>\n","protected":false},"author":2,"featured_media":0,"parent":0,"menu_order":0,"comment_status":"closed","ping_status":"closed","template":"","meta":{"footnotes":""},"_links":{"self":[{"href":"http:\/\/naturgartenblog.wgrverlag.de\/index.php?rest_route=\/wp\/v2\/pages\/400"}],"collection":[{"href":"http:\/\/naturgartenblog.wgrverlag.de\/index.php?rest_route=\/wp\/v2\/pages"}],"about":[{"href":"http:\/\/naturgartenblog.wgrverlag.de\/index.php?rest_route=\/wp\/v2\/types\/page"}],"author":[{"embeddable":true,"href":"http:\/\/naturgartenblog.wgrverlag.de\/index.php?rest_route=\/wp\/v2\/users\/2"}],"replies":[{"embeddable":true,"href":"http:\/\/naturgartenblog.wgrverlag.de\/index.php?rest_route=%2Fwp%2Fv2%2Fcomments&post=400"}],"version-history":[{"count":15,"href":"http:\/\/naturgartenblog.wgrverlag.de\/index.php?rest_route=\/wp\/v2\/pages\/400\/revisions"}],"predecessor-version":[{"id":974,"href":"http:\/\/naturgartenblog.wgrverlag.de\/index.php?rest_route=\/wp\/v2\/pages\/400\/revisions\/974"}],"wp:attachment":[{"href":"http:\/\/naturgartenblog.wgrverlag.de\/index.php?rest_route=%2Fwp%2Fv2%2Fmedia&parent=400"}],"curies":[{"name":"wp","href":"https:\/\/api.w.org\/{rel}","templated":true}]}}